{"id":235,"date":"2019-12-19T13:42:58","date_gmt":"2019-12-19T16:42:58","guid":{"rendered":"http:\/\/proaoriente.com\/?page_id=235"},"modified":"2019-12-19T21:37:14","modified_gmt":"2019-12-20T00:37:14","slug":"quienes-somos-2","status":"publish","type":"page","link":"https:\/\/proaoriente.com\/index.php\/quienes-somos-2\/","title":{"rendered":"Quienes Somos"},"content":{"rendered":"\t\t<div data-elementor-type=\"wp-page\" data-elementor-id=\"235\" class=\"elementor elementor-235\">\n\t\t\t\t\t\t<section class=\"elementor-section elementor-top-section elementor-element elementor-element-5ef72f88 elementor-section-boxed elementor-section-height-default elementor-section-height-default\" data-id=\"5ef72f88\" data-element_type=\"section\" data-settings=\"{&quot;background_background&quot;:&quot;classic&quot;}\">\n\t\t\t\t\t\t<div class=\"elementor-container elementor-column-gap-default\">\n\t\t\t\t\t<div class=\"elementor-column elementor-col-100 elementor-top-column elementor-element elementor-element-5b6fb06d\" data-id=\"5b6fb06d\" data-element_type=\"column\">\n\t\t\t<div class=\"elementor-widget-wrap elementor-element-populated\">\n\t\t\t\t\t\t<div class=\"elementor-element elementor-element-629ab4a3 elementor-widget elementor-widget-heading\" data-id=\"629ab4a3\" data-element_type=\"widget\" data-widget_type=\"heading.default\">\n\t\t\t\t<div class=\"elementor-widget-container\">\n\t\t\t<h3 class=\"elementor-heading-title elementor-size-default\">Quienes Somos<\/h3>\t\t<\/div>\n\t\t\t\t<\/div>\n\t\t\t\t<div class=\"elementor-element elementor-element-6e9b86c elementor-widget-divider--view-line elementor-widget elementor-widget-divider\" data-id=\"6e9b86c\" data-element_type=\"widget\" data-widget_type=\"divider.default\">\n\t\t\t\t<div class=\"elementor-widget-container\">\n\t\t\t\t\t<div class=\"elementor-divider\">\n\t\t\t<span class=\"elementor-divider-separator\">\n\t\t\t\t\t\t<\/span>\n\t\t<\/div>\n\t\t\t\t<\/div>\n\t\t\t\t<\/div>\n\t\t\t\t<div class=\"elementor-element elementor-element-5d679688 elementor-widget elementor-widget-text-editor\" data-id=\"5d679688\" data-element_type=\"widget\" data-widget_type=\"text-editor.default\">\n\t\t\t\t<div class=\"elementor-widget-container\">\n\t\t\t\t\t\t\t<p>Somos una empresa que trabaja juntamente con sus clientes de Latinoam\u00e9rica y Asia facilit\u00e1ndoles el intercambio comercial, asesor\u00e1ndolos y acompa\u00f1\u00e1ndolos en la concreci\u00f3n de sus negocios, con la ventaja que ofrecemos un socio al otro lado del mundo.<\/p><p>Nuestros clientes son PyMEs que buscan establecer relaciones comerciales con empresas asi\u00e1ticas.<\/p><p>Nuestra empresa cuenta con representantes en Sudam\u00e9rica y en Asia, profesionales conocedores del mercado en el cual operan. Podemos ayudarlo a comprar y vender en ambas plazas, ya que vivimos all\u00ed, hablamos el mismo idioma, conocemos las costumbres, protocolo de negocios y la adecuada estrategia de negociaci\u00f3n seg\u00fan el pa\u00eds al que se apunta<span style=\"text-decoration: line-through;\">.<\/span><\/p><p><strong>\u00a0Para sus negocios, en PROAORIENTE Ltd. hacemos de Lejano Oriente un sitio pr\u00f3ximo.<\/strong><\/p>\t\t\t\t\t\t<\/div>\n\t\t\t\t<\/div>\n\t\t\t\t\t<\/div>\n\t\t<\/div>\n\t\t\t\t\t<\/div>\n\t\t<\/section>\n\t\t\t\t<section class=\"elementor-section elementor-top-section elementor-element elementor-element-545d1dce elementor-section-boxed elementor-section-height-default elementor-section-height-default elementor-invisible\" data-id=\"545d1dce\" data-element_type=\"section\" data-settings=\"{&quot;animation&quot;:&quot;fadeIn&quot;,&quot;background_background&quot;:&quot;classic&quot;}\">\n\t\t\t\t\t\t<div class=\"elementor-container elementor-column-gap-default\">\n\t\t\t\t\t<div class=\"elementor-column elementor-col-33 elementor-top-column elementor-element elementor-element-58c3327d\" data-id=\"58c3327d\" data-element_type=\"column\">\n\t\t\t<div class=\"elementor-widget-wrap elementor-element-populated\">\n\t\t\t\t\t\t<div class=\"elementor-element elementor-element-522011f4 elementor-widget elementor-widget-image\" data-id=\"522011f4\" data-element_type=\"widget\" data-widget_type=\"image.default\">\n\t\t\t\t<div class=\"elementor-widget-container\">\n\t\t\t\t\t\t\t\t\t\t\t\t\t<img fetchpriority=\"high\" decoding=\"async\" width=\"519\" height=\"553\" src=\"https:\/\/proaoriente.com\/wp-content\/uploads\/2019\/12\/proaoriente-quienes-somos-2.jpg\" class=\"attachment-large size-large wp-image-113\" alt=\"\" srcset=\"https:\/\/proaoriente.com\/wp-content\/uploads\/2019\/12\/proaoriente-quienes-somos-2.jpg 519w, https:\/\/proaoriente.com\/wp-content\/uploads\/2019\/12\/proaoriente-quienes-somos-2-282x300.jpg 282w\" sizes=\"(max-width: 519px) 100vw, 519px\" \/>\t\t\t\t\t\t\t\t\t\t\t\t\t<\/div>\n\t\t\t\t<\/div>\n\t\t\t\t\t<\/div>\n\t\t<\/div>\n\t\t\t\t<div class=\"elementor-column elementor-col-33 elementor-top-column elementor-element elementor-element-14cdf58b\" data-id=\"14cdf58b\" data-element_type=\"column\">\n\t\t\t<div class=\"elementor-widget-wrap elementor-element-populated\">\n\t\t\t\t\t\t<div class=\"elementor-element elementor-element-1d50b5cf elementor-widget elementor-widget-image\" data-id=\"1d50b5cf\" data-element_type=\"widget\" data-widget_type=\"image.default\">\n\t\t\t\t<div class=\"elementor-widget-container\">\n\t\t\t\t\t\t\t\t\t\t\t\t\t<img decoding=\"async\" width=\"519\" height=\"553\" src=\"https:\/\/proaoriente.com\/wp-content\/uploads\/2019\/12\/manos.jpg\" class=\"attachment-large size-large wp-image-169\" alt=\"\" srcset=\"https:\/\/proaoriente.com\/wp-content\/uploads\/2019\/12\/manos.jpg 519w, https:\/\/proaoriente.com\/wp-content\/uploads\/2019\/12\/manos-282x300.jpg 282w\" sizes=\"(max-width: 519px) 100vw, 519px\" \/>\t\t\t\t\t\t\t\t\t\t\t\t\t<\/div>\n\t\t\t\t<\/div>\n\t\t\t\t\t<\/div>\n\t\t<\/div>\n\t\t\t\t<div class=\"elementor-column elementor-col-33 elementor-top-column elementor-element elementor-element-3e5cf0d8\" data-id=\"3e5cf0d8\" data-element_type=\"column\">\n\t\t\t<div class=\"elementor-widget-wrap elementor-element-populated\">\n\t\t\t\t\t\t<div class=\"elementor-element elementor-element-4bc8bc4b elementor-widget elementor-widget-image\" data-id=\"4bc8bc4b\" data-element_type=\"widget\" data-widget_type=\"image.default\">\n\t\t\t\t<div class=\"elementor-widget-container\">\n\t\t\t\t\t\t\t\t\t\t\t\t\t<img decoding=\"async\" width=\"519\" height=\"553\" src=\"https:\/\/proaoriente.com\/wp-content\/uploads\/2019\/12\/mundo.jpg\" class=\"attachment-large size-large wp-image-171\" alt=\"\" srcset=\"https:\/\/proaoriente.com\/wp-content\/uploads\/2019\/12\/mundo.jpg 519w, https:\/\/proaoriente.com\/wp-content\/uploads\/2019\/12\/mundo-282x300.jpg 282w\" sizes=\"(max-width: 519px) 100vw, 519px\" \/>\t\t\t\t\t\t\t\t\t\t\t\t\t<\/div>\n\t\t\t\t<\/div>\n\t\t\t\t\t<\/div>\n\t\t<\/div>\n\t\t\t\t\t<\/div>\n\t\t<\/section>\n\t\t\t\t<\/div>\n\t\t","protected":false},"excerpt":{"rendered":"<p>Quienes Somos Somos una empresa que trabaja juntamente con sus clientes de Latinoam\u00e9rica y Asia facilit\u00e1ndoles el intercambio comercial, asesor\u00e1ndolos y acompa\u00f1\u00e1ndolos en la concreci\u00f3n de sus negocios, con la ventaja que ofrecemos un socio al otro lado del mundo. Nuestros clientes son PyMEs que buscan establecer relaciones comerciales con empresas asi\u00e1ticas. Nuestra empresa cuenta [&hellip;]<\/p>\n","protected":false},"author":1,"featured_media":0,"parent":0,"menu_order":3,"comment_status":"closed","ping_status":"closed","template":"elementor_header_footer","meta":{"_monsterinsights_skip_tracking":false,"_monsterinsights_sitenote_active":false,"_monsterinsights_sitenote_note":"","_monsterinsights_sitenote_category":0,"footnotes":""},"_links":{"self":[{"href":"https:\/\/proaoriente.com\/index.php\/wp-json\/wp\/v2\/pages\/235"}],"collection":[{"href":"https:\/\/proaoriente.com\/index.php\/wp-json\/wp\/v2\/pages"}],"about":[{"href":"https:\/\/proaoriente.com\/index.php\/wp-json\/wp\/v2\/types\/page"}],"author":[{"embeddable":true,"href":"https:\/\/proaoriente.com\/index.php\/wp-json\/wp\/v2\/users\/1"}],"replies":[{"embeddable":true,"href":"https:\/\/proaoriente.com\/index.php\/wp-json\/wp\/v2\/comments?post=235"}],"version-history":[{"count":2,"href":"https:\/\/proaoriente.com\/index.php\/wp-json\/wp\/v2\/pages\/235\/revisions"}],"predecessor-version":[{"id":241,"href":"https:\/\/proaoriente.com\/index.php\/wp-json\/wp\/v2\/pages\/235\/revisions\/241"}],"wp:attachment":[{"href":"https:\/\/proaoriente.com\/index.php\/wp-json\/wp\/v2\/media?parent=235"}],"curies":[{"name":"wp","href":"https:\/\/api.w.org\/{rel}","templated":true}]}}